{"id":1147,"date":"2025-05-02T14:41:09","date_gmt":"2025-05-02T13:41:09","guid":{"rendered":"https:\/\/lessentielroom.fr\/?post_type=product&#038;p=1147"},"modified":"2025-05-13T16:15:22","modified_gmt":"2025-05-13T15:15:22","slug":"bon-pour-1-nuit-a-lessentiel-room","status":"publish","type":"product","link":"https:\/\/lessentielroom.fr\/en\/product\/bon-pour-1-nuit-a-lessentiel-room\/","title":{"rendered":"Bon pour 1 nuit \u00e0 l\u2019Essentiel Room"},"content":{"rendered":"<p><strong>1 Nuit \u00e0 l\u2019Essentiel Room \u2013 La love Room nich\u00e9e dans un cocon de nature \u00e0 Velaux<\/strong><\/p>\n<p>Offrez un moment d\u2019\u00e9vasion unique au c\u0153ur de la nature.<\/p>\n<p>Avec ce bon, profitez d\u2019une nuit magique \u00e0 l\u2019Essentiel Room, un cocon romantique pens\u00e9 pour le bien-\u00eatre et la d\u00e9tente.<\/p>\n<p><strong>\u2728 Ce que comprend votre s\u00e9jour :<\/strong><\/p>\n<p>Une nuit pour 2 ou 4 personnes dans notre Love Room exclusive, l&rsquo;Essentiel Room<br \/>\nAmbiance romantique et d\u00e9cor soign\u00e9<br \/>\nJacuzzi privatif 7 places<br \/>\nAvec ou sans les options : Petit d\u00e9jeuner et\/ou m\u00e9nage<\/p>\n<p>\ud83d\udc9a Un lieu unique \u00e0 Velaux pour se reconnecter et vivre l\u2019instant pr\u00e9sent : Entre nature et confort, l\u2019Essentiel Room promet une parenth\u00e8se inoubliable.<\/p>\n<p><strong>Conditions d\u2019utilisation :<\/strong><\/p>\n<p>Valable pour 2 ou 4 personnes<br \/>\nSur r\u00e9servation, selon disponibilit\u00e9s<br \/>\nValable 12 mois \u00e0 compter de la date d\u2019achat<br \/>\nNon remboursable, mais reportable en cas d\u2019annulation 72h \u00e0 l\u2019avance<\/p>\n<p><strong>R\u00e9servation :<\/strong><\/p>\n<p>Contactez-nous par email \u00e0 <a href=\"mailto:contact@lessentielroom.fr\">contact@lessentielroom.fr<\/a> pour r\u00e9server votre date.<\/p>\n<p>Voir le r\u00e8glement<a href=\"https:\/\/lessentielroom.fr\/en\/reglement-interieur\/\"> ici *<\/a><\/p>","protected":false},"excerpt":{"rendered":"<p>1 Nuit \u00e0 l\u2019Essentiel Room \u2013 La love Room nich\u00e9e dans un cocon de nature \u00e0 Velaux Offrez un moment d\u2019\u00e9vasion unique au c\u0153ur de la nature. Avec ce bon, profitez d\u2019une nuit magique \u00e0 l\u2019Essentiel Room, un cocon romantique pens\u00e9 pour le bien-\u00eatre et la d\u00e9tente. \u2728 Ce que comprend votre s\u00e9jour : Une [&hellip;]<\/p>","protected":false},"featured_media":1244,"comment_status":"open","ping_status":"closed","template":"","meta":[],"product_brand":[],"product_cat":[27],"product_tag":[],"class_list":{"0":"post-1147","1":"product","2":"type-product","3":"status-publish","4":"has-post-thumbnail","6":"product_cat-bon-cadeau","8":"first","9":"instock","10":"shipping-taxable","11":"purchasable","12":"product-type-variable"},"_links":{"self":[{"href":"https:\/\/lessentielroom.fr\/en\/wp-json\/wp\/v2\/product\/1147","targetHints":{"allow":["GET"]}}],"collection":[{"href":"https:\/\/lessentielroom.fr\/en\/wp-json\/wp\/v2\/product"}],"about":[{"href":"https:\/\/lessentielroom.fr\/en\/wp-json\/wp\/v2\/types\/product"}],"replies":[{"embeddable":true,"href":"https:\/\/lessentielroom.fr\/en\/wp-json\/wp\/v2\/comments?post=1147"}],"wp:featuredmedia":[{"embeddable":true,"href":"https:\/\/lessentielroom.fr\/en\/wp-json\/wp\/v2\/media\/1244"}],"wp:attachment":[{"href":"https:\/\/lessentielroom.fr\/en\/wp-json\/wp\/v2\/media?parent=1147"}],"wp:term":[{"taxonomy":"product_brand","embeddable":true,"href":"https:\/\/lessentielroom.fr\/en\/wp-json\/wp\/v2\/product_brand?post=1147"},{"taxonomy":"product_cat","embeddable":true,"href":"https:\/\/lessentielroom.fr\/en\/wp-json\/wp\/v2\/product_cat?post=1147"},{"taxonomy":"product_tag","embeddable":true,"href":"https:\/\/lessentielroom.fr\/en\/wp-json\/wp\/v2\/product_tag?post=1147"}],"curies":[{"name":"wp","href":"https:\/\/api.w.org\/{rel}","templated":true}]}}